{"id":24,"date":"2018-05-18T15:51:44","date_gmt":"2018-05-18T15:51:44","guid":{"rendered":"http:\/\/suedbahnhof-bv.de\/?page_id=24"},"modified":"2018-05-18T15:56:06","modified_gmt":"2018-05-18T15:56:06","slug":"datenschutzerklaerung","status":"publish","type":"page","link":"http:\/\/suedbahnhof-bv.de\/?page_id=24","title":{"rendered":"Datenschutzerkl\u00e4rung"},"content":{"rendered":"<p><b><i>1. Allgemeine Informationen \u00fcber die Erhebung personenbezogener Daten<\/i><\/b><\/p>\n<ol>\n<li>Der Schutz Ihrer Privatsph\u00e4re bei der Nutzung unserer Webseite ist uns sehr wichtig, dementsprechend verwenden wir Ihre personenbezogenen Daten in \u00fcbereinstimmung mit den gesetzlichen Vorschriften zum Datenschutz. Personenbezogene Daten sind alle Daten, die auf Sie pers\u00f6nlich beziehbar sind, z. B. Name, Adresse, E-Mail-Adresse, Nutzerverhalten. Nachfolgend informieren wir Sie dar\u00fcber, wie wir mit Ihren personenbezogenen Daten umgehen.<\/li>\n<li>Verantwortlicher gem. Art. 4 Abs. 7 EU-Datenschutzgrundverordnung (DS-GVO) ist die im Impressum als verantwortlich genannte Person. Die Person erreichen Sie unter den dort aufgef\u00fchrten Kontaktdaten.<\/li>\n<li>Falls Sie unter 16 Jahren alt sind, holen Sie bitte die Erlaubnis eines Elternteils\/Erziehungsberechtigten ein, bevor Sie personenbezogene Daten zur Verf\u00fcgung stellen bzw. von unserer Webseite aus aktiv werden.<\/li>\n<\/ol>\n<p><b><i>2. Ihre Rechte<\/i><\/b><\/p>\n<p>Nach den Vorschriften der DS-GVO k\u00f6nnen Sie uns gegen\u00fcber folgende Rechte geltend machen:<\/p>\n<ul>\n<li>Recht auf Auskunft<\/li>\n<li>Recht auf Berichtigung<\/li>\n<li>Recht auf Einschr\u00e4nkung der Verarbeitung<\/li>\n<li>Recht auf L\u00f6schung \/ Recht auf Vergessenwerden<\/li>\n<li>Recht auf Daten\u00fcbertragbarkeit<\/li>\n<li>Widerspruchsrecht<\/li>\n<\/ul>\n<p>Um eines Ihrer oben aufgef\u00fchrten Rechte geltend zu machen, k\u00f6nnen Sie sich jederzeit an uns wenden:<\/p>\n<p>Sofern die Verarbeitung Ihrer personenbezogenen Daten auf Ihrer Einwilligung beruht, haben Sie jederzeit das Recht Ihre Einwilligung, mit Wirkung f\u00fcr die Zukunft, zu widerrufen. Die Rechtm\u00e4\u00dfigkeit der aufgrund der Einwilligung bis zum Widerruf erfolgten Verarbeitung bleibt unber\u00fchrt.<\/p>\n<p>Dar\u00fcber hinaus haben sie das Recht sich bei der Datenschutzaufsichtsbeh\u00f6rde \u00fcber die Verarbeitung Ihrer personenbezogenen Daten durch uns zu beschweren. Die f\u00fcr Ihr Bundesland Zust\u00e4ndige Aufsichtsbeh\u00f6rde ist unter <a href=\"https:\/\/www.bfdi.bund.de\/DE\/Infothek\/Anschriften_Links\/anschriften_links-node.html\"><i>www.bfdi.bund.de\/DE\/Infothek\/Anschriften_Links\/anschriften_links-node.html<\/i><\/a>abrufbar.<\/p>\n<p><b><i>3. Erhebung personenbezogener Daten bei Besuch einer Webseite<\/i><\/b><\/p>\n<p><b>a) Besuch unserer Website<\/b><\/p>\n<p>Sie k\u00f6nnen unsere Webseite grunds\u00e4tzlich, ohne uns mitzuteilen wer Sie sind, besuchen. Wie bei nahezu allen Webseiten \u00fcblich sammelt der Server, auf dem sich unsere Webseite befindet (nachstehend \u201eWebserver\u201c genannt), automatisch Informationen von Ihnen, wenn Sie uns im Internet besuchen. Diese Daten sind f\u00fcr uns technisch erforderlich und gew\u00e4hrleisten die Stabilit\u00e4t und Sicherheit der Webseite.<\/p>\n<p>Der Webserver erkennt automatisch bestimmte personenbezogene Daten wie beispielsweise Ihre IP-Adresse, das Datum und die Uhrzeit, zu denen Sie auf unserer Seite sind, die von Ihnen auf unserer Webseite besuchten Seiten, die Webseite, auf der Sie zuvor waren, den von Ihnen verwendeten Browser (z. B. Internet Explorer, Firefox, Safari), das von Ihnen verwendete Betriebssystem (z. B. Windows, Linux, MAC OS) sowie den Domainnamen und die Adresse Ihres Internet-Providers (z. B. 1&amp;1, Telekom, Unitymedia). Falls unsere Webseite Cookies verwendet (wie weiter unten erl\u00e4utert), speichert der Webserver auch diese Information (Rechtsgrundlage ist Art. 6 Abs. 1 S. 1f DS-GVO).<\/p>\n<p>Wir nutzen diese Informationen im Falle eines Systemmissbrauchs in Zusammenarbeit mit Ihrem Internet-Provider und\/oder Beh\u00f6rden vor Ort verwenden, um den Verursacher dieses Missbrauchs zu ermitteln.<\/p>\n<p>&nbsp;<\/p>\n<p><b>b) Speicherung von Cookies<\/b><\/p>\n<p>Zus\u00e4tzlich zu den zuvor genannten Daten werden bei Ihrer Nutzung unserer Website Cookies auf Ihrem Rechner gespeichert. Bei Cookies handelt es sich um kleine Textdateien, die auf Ihrer Festplatte dem von Ihnen verwendeten Browser zugeordnet gespeichert werden und durch welche der Stelle, die den Cookie setzt (hier durch uns), bestimmte Informationen zuflie\u00dfen. Cookies k\u00f6nnen keine Programme ausf\u00fchren oder Viren auf Ihren Computer \u00fcbertragen. Sie dienen dazu, das Internetangebot insgesamt nutzerfreundlicher und effektiver zu machen.<\/p>\n<p>Diese Website nutzt Session-Cookies (Transiente Cookies).<\/p>\n<p>Transiente Cookies werden automatisiert gel\u00f6scht, wenn Sie den Browser schlie\u00dfen. Diese speichern eine sogenannte Session-ID, mit welcher sich verschiedene Anfragen Ihres Browsers der gemeinsamen Sitzung zuordnen lassen.<\/p>\n<p>Sie k\u00f6nnen Ihre Browser-Einstellung entsprechend Ihren W\u00fcnschen konfigurieren und z. B. die Annahme von Third-Party-Cookies oder allen Cookies ablehnen. Wir weisen Sie darauf hin, dass Sie dann eventuell nicht alle Funktionen dieser Website nutzen k\u00f6nnen.<\/p>\n<p><b>c) Cookies von Dritten auf unseren Webseiten<\/b><\/p>\n<p>&nbsp;<\/p>\n<p><b>1.<\/b>\u00a0\u00a0\u00a0\u00a0\u00a0\u00a0\u00a0\u00a0\u00a0 <b><i>Google Analytics<\/i><\/b><\/p>\n<p>1.1.\u00a0\u00a0\u00a0\u00a0\u00a0 Wir setzen auf Grundlage unserer berechtigten Interessen (d.h. Interesse an der Analyse, Optimierung und wirtschaftlichem Betrieb unseres Onlineangebotes im Sinne des Art. 6 Abs. 1 lit. f. DSGVO) Google Analytics, einen Webanalysedienst der Google Inc. (\u201eGoogle\u201c) ein. Google verwendet Cookies. Die durch das Cookie erzeugten Informationen \u00fcber Benutzung des Onlineangebotes durch die Nutzer werden in der Regel an einen Server von Google in den USA \u00fcbertragen und dort gespeichert.<\/p>\n<p>1.2.\u00a0\u00a0\u00a0\u00a0\u00a0 Google ist unter dem Privacy-Shield-Abkommen zertifiziert und bietet hierdurch eine Garantie, das europ\u00e4ische Datenschutzrecht einzuhalten (<a href=\"https:\/\/www.privacyshield.gov\/participant?id=a2zt000000001L5AAI&amp;status=Active\">https:\/\/www.privacyshield.gov\/participant?id=a2zt000000001L5AAI&amp;status=Active<\/a>).<\/p>\n<p>1.3.\u00a0\u00a0\u00a0\u00a0\u00a0 Google wird diese Informationen in unserem Auftrag benutzen, um die Nutzung unseres Onlineangebotes durch die Nutzer auszuwerten, um Reports \u00fcber die Aktivit\u00e4ten innerhalb dieses Onlineangebotes zusammenzustellen und um weitere, mit der Nutzung dieses Onlineangebotes und der Internetnutzung verbundene Dienstleistungen, uns gegen\u00fcber zu erbringen. Dabei k\u00f6nnen aus den verarbeiteten Daten pseudonyme Nutzungsprofile der Nutzer erstellt werden.<\/p>\n<p>1.4.\u00a0\u00a0\u00a0\u00a0\u00a0 Wir setzen Google Analytics nur mit aktivierter IP-Anonymisierung ein. Das bedeutet, die IP-Adresse der Nutzer wird von Google innerhalb von Mitgliedstaaten der Europ\u00e4ischen Union oder in anderen Vertragsstaaten des Abkommens \u00fcber den Europ\u00e4ischen Wirtschaftsraum gek\u00fcrzt. Nur in Ausnahmef\u00e4llen wird die volle IP-Adresse an einen Server von Google in den USA \u00fcbertragen und dort gek\u00fcrzt.<\/p>\n<p>1.5.\u00a0\u00a0\u00a0\u00a0\u00a0 Die von dem Browser des Nutzers \u00fcbermittelte IP-Adresse wird nicht mit anderen Daten von Google zusammengef\u00fchrt. Die Nutzer k\u00f6nnen die Speicherung der Cookies durch eine entsprechende Einstellung ihrer Browser-Software verhindern; die Nutzer k\u00f6nnen dar\u00fcber hinaus die Erfassung der durch das Cookie erzeugten und auf ihre Nutzung des Onlineangebotes bezogenen Daten an Google sowie die Verarbeitung dieser Daten durch Google verhindern, indem sie das unter folgendem Link verf\u00fcgbare Browser-Plugin herunterladen und installieren:\u00a0<a href=\"http:\/\/tools.google.com\/dlpage\/gaoptout?hl=de\">http:\/\/tools.google.com\/dlpage\/gaoptout?hl=de<\/a>.<\/p>\n<p>1.6.\u00a0\u00a0\u00a0\u00a0\u00a0 Weitere Informationen zur Datennutzung durch Google, Einstellungs- und Widerspruchsm\u00f6glichkeiten erfahren Sie auf den Webseiten von Google:\u00a0<a href=\"https:\/\/www.google.com\/intl\/de\/policies\/privacy\/partners\">https:\/\/www.google.com\/intl\/de\/policies\/privacy\/partners<\/a>\u00a0(\u201eDatennutzung durch Google bei Ihrer Nutzung von Websites.<\/p>\n<p>&nbsp;<\/p>\n<p><b>d) Einsatz von Social-Media-Plug-ins oder Links<\/b><\/p>\n<p>(1) Wir setzen derzeit Links Social-Media-Plug-ins ein: [Facebook, YouTube, Instagram]. Wir nutzen dabei die sog. Zwei-Klick-L\u00f6sung. Das hei\u00dft, wenn Sie unsere Seite besuchen, werden zun\u00e4chst grunds\u00e4tzlich keine personenbezogenen Daten an die Anbieter der Plug-ins weitergegeben. Den Anbieter des Plug-ins erkennen Sie \u00fcber die Markierung auf dem Kasten \u00fcber seinen Anfangsbuchstaben oder das Logo. Wir er\u00f6ffnen Ihnen die M\u00f6glichkeit, \u00fcber den Button direkt mit dem Anbieter des Plug-ins zu kommunizieren. Nur wenn Sie auf das markierte Feld klicken und es dadurch aktivieren, erh\u00e4lt der Plug-in-Anbieter die Information, dass Sie die entsprechende Website unseres Online-Angebots aufgerufen haben. Zudem werden die unter Nummer 3 dieser Erkl\u00e4rung genannten Daten \u00fcbermittelt. Im Fall von Facebook und Xing wird nach Angaben der jeweiligen Anbieter in Deutschland die IP-Adresse sofort nach Erhebung anonymisiert. Durch die Aktivierung des Plug-ins werden also personenbezogene Daten von Ihnen an den jeweiligen Plug-in-Anbieter \u00fcbermittelt und dort (bei US-amerikanischen Anbietern in den USA) gespeichert. Da der Plug-in-Anbieter die Datenerhebung insbesondere \u00fcber Cookies vornimmt, empfehlen wir Ihnen, vor dem Klick auf den ausgegrauten Kasten \u00fcber die Sicherheitseinstellungen Ihres Browsers alle Cookies zu l\u00f6schen.<\/p>\n<p>(2) Wir haben weder Einfluss auf die erhobenen Daten und Datenverarbeitungsvorg\u00e4nge, noch sind uns der volle Umfang der Datenerhebung, die Zwecke der Verarbeitung, die Speicherfristen bekannt. Auch zur L\u00f6schung der erhobenen Daten durch den Plug-in-Anbieter liegen uns keine Informationen vor.<\/p>\n<p>(3) Der Plug-in-Anbieter speichert die \u00fcber Sie erhobenen Daten als Nutzungsprofile und nutzt diese f\u00fcr Zwecke der Werbung, Marktforschung und\/oder bedarfsgerechten Gestaltung seiner Website. Eine solche Auswertung erfolgt insbesondere (auch f\u00fcr nicht eingeloggte Nutzer) zur Darstellung von bedarfsgerechter Werbung und um andere Nutzer des sozialen Netzwerks \u00fcber Ihre Aktivit\u00e4ten auf unserer Website zu informieren. Ihnen steht ein Widerspruchsrecht gegen die Bildung dieser Nutzerprofile zu, wobei Sie sich zur Aus\u00fcbung dessen an den jeweiligen Plug-in-Anbieter wenden m\u00fcssen. \u00fcber die Plug-ins bietet wir Ihnen die M\u00f6glichkeit, mit den sozialen Netzwerken und anderen Nutzern zu interagieren, so dass wir unser Angebot verbessern und f\u00fcr Sie als Nutzer interessanter ausgestalten k\u00f6nnen. Rechtsgrundlage f\u00fcr die Nutzung der Plug-ins ist Art. 6 Abs. 1 S. 1 lit. f DS-GVO.<\/p>\n<p>(4) Die Datenweitergabe erfolgt unabh\u00e4ngig davon, ob Sie ein Konto bei dem Plug-in-Anbieter besitzen und dort eingeloggt sind. Wenn Sie bei dem Plug-in-Anbieter eingeloggt sind, werden Ihre bei uns erhobenen Daten direkt Ihrem beim Plug-in-Anbieter bestehenden Konto zugeordnet. Wenn Sie den aktivierten Button bet\u00e4tigen und z. B. die Seite verlinken, speichert der Plug-in-Anbieter auch diese Information in Ihrem Nutzerkonto und teilt sie Ihren Kontakten \u00f6ffentlich mit. Wir empfehlen Ihnen, sich nach Nutzung eines sozialen Netzwerks regelm\u00e4\u00dfig auszuloggen, insbesondere jedoch vor Aktivierung des Buttons, da Sie so eine Zuordnung zu Ihrem Profil bei dem Plug-in-Anbieter vermeiden k\u00f6nnen.<\/p>\n<p>(5) Weitere Informationen zu Zweck und Umfang der Datenerhebung und ihrer Verarbeitung durch den Plug-in-Anbieter erhalten Sie in den im Folgenden mitgeteilten Datenschutzerkl\u00e4rungen dieser Anbieter. Dort erhalten Sie auch weitere Informationen zu Ihren diesbez\u00fcglichen Rechten und Einstellungsm\u00f6glichkeiten zum Schutze Ihrer Privatsph\u00e4re.<\/p>\n<p>(6) Adressen der jeweiligen Plug-in-Anbieter und URL mit deren Datenschutzhinweisen:<\/p>\n<ol>\n<li>Facebook Inc., 1601 S California Ave, Palo Alto, California 94304, USA; <a href=\"http:\/\/www.facebook.com\/policy.php\"><i>www.facebook.com\/policy.php<\/i><\/a>; weitere Informationen zur Datenerhebung: <a href=\"http:\/\/www.facebook.com\/help\/186325668085084\"><i>www.facebook.com\/help\/186325668085084<\/i><\/a>, <a href=\"http:\/\/www.facebook.com\/about\/privacy\/your-info-on-other#applications\"><i>www.facebook.com\/about\/privacy\/your-info-on-other#applications<\/i><\/a> sowie <a href=\"http:\/\/www.facebook.com\/about\/privacy\/your-info#everyoneinfo\"><i>www.facebook.com\/about\/privacy\/your-info#everyoneinfo<\/i><\/a>.<\/li>\n<li>Facebook hat sich dem EU-US-Privacy-Shield unterworfen, <a href=\"https:\/\/www.privacyshield.gov\/EU-US-Framework\"><i>www.privacyshield.gov\/EU-US-Framework<\/i><\/a>.<\/li>\n<li>Google Inc., 1600 Amphitheater Parkway, Mountainview, California 94043, USA; <a href=\"https:\/\/www.google.com\/policies\/privacy\/partners\/?hl=de\"><i>www.google.com\/policies\/privacy\/partners\/?hl=de<\/i><\/a>.<\/li>\n<li>Google hat sich dem EU-US-Privacy-Shield unterworfen, <a href=\"https:\/\/www.privacyshield.gov\/EU-US-Framework\"><i>www.privacyshield.gov\/EU-US-Framework<\/i><\/a>.<\/li>\n<\/ol>\n<p><b>e) Einbindung von Google Maps<\/b><\/p>\n<p>Auf dieser Webseite nutzen wir das Angebot von Google Maps. Dadurch k\u00f6nnen wir Ihnen interaktive Karten direkt in der Website anzeigen und erm\u00f6glichen Ihnen die komfortable Nutzung der Karten-Funktion.<\/p>\n<p>Durch den Besuch auf der Website erh\u00e4lt Google die Information, dass Sie die entsprechende Unterseite unserer Website aufgerufen haben. Zudem werden die unter Nummer 3 a. dieser Erkl\u00e4rung genannten Daten \u00fcbermittelt. Dies erfolgt unabh\u00e4ngig davon, ob Google ein Nutzerkonto bereitstellt, \u00fcber das Sie eingeloggt sind, oder ob kein Nutzerkonto besteht. Wenn Sie bei Google eingeloggt sind, werden Ihre Daten direkt Ihrem Konto zugeordnet. Wenn Sie die Zuordnung mit Ihrem Profil bei Google nicht w\u00fcnschen, m\u00fcssen Sie sich vor Aktivierung des Buttons bei Google ausloggen. Google speichert Ihre Daten als Nutzungsprofile und nutzt sie f\u00fcr Zwecke der Werbung, Marktforschung und\/oder bedarfsgerechten Gestaltung seiner Website. Eine solche Auswertung erfolgt insbesondere (selbst f\u00fcr nicht eingeloggte Nutzer) zur Erbringung von bedarfsgerechter Werbung und um andere Nutzer des sozialen Netzwerks \u00fcber Ihre Aktivit\u00e4ten auf unserer Website zu informieren. Ihnen steht ein Widerspruchsrecht zu gegen die Bildung dieser Nutzerprofile, wobei Sie sich zur Aus\u00fcbung dessen an Google richten m\u00fcssen.<\/p>\n<p>Weitere Informationen zu Zweck und Umfang der Datenerhebung und ihrer Verarbeitung durch den Plug-in-Anbieter erhalten Sie in den Datenschutzerkl\u00e4rungen des Anbieters. Dort erhalten Sie auch weitere Informationen zu Ihren diesbez\u00fcglichen Rechten und Einstellungsm\u00f6glichkeiten zum Schutze Ihrer Privatsph\u00e4re: <a href=\"http:\/\/www.google.de\/intl\/de\/policies\/privacy\"><i>www.google.de\/intl\/de\/policies\/privacy<\/i><\/a>. Google verarbeitet Ihre personenbezogenen Daten auch in den USA und hat sich dem EU-US Privacy Shield unterworfen, <a href=\"https:\/\/www.privacyshield.gov\/EU-US-Framework\"><i>www.privacyshield.gov\/EU-US-Framework<\/i><\/a>.<\/p>\n<p><b>f) Kontaktaufnahme<\/b><\/p>\n<p>Bei ihrer Kontaktaufnahme mit uns per E-Mail oder \u00fcber ein Kontaktformular werden die von Ihnen mitgeteilten Daten (Ihre E-Mail-Adresse, ggf. Ihr Name und Ihre Telefonnummer) von uns gespeichert, um Ihre Fragen zu beantworten. Die in diesem Zusammenhang anfallenden Daten l\u00f6schen wir, nachdem die Speicherung nicht mehr erforderlich ist, oder schr\u00e4nken die Verarbeitung ein, falls gesetzliche Aufbewahrungsfristen bestehen.<\/p>\n<p>Das Bereitstellen Ihrer personenbezogenen Daten ist keine gesetzliche oder keine vertragliche Verpflichtung. Dies bedeutet, Sie sind nicht verpflichtet, uns Ihrer personenbezogenen Daten bereitzustellen. Sollten Sie sich dazu entscheiden uns Ihre personenbezogenen Daten nicht bereitzustellen, hat dies die Konsequenz, dass wir Ihre Anfrage nicht oder nur in Teilen bearbeiten\/beantworten k\u00f6nnen.<\/p>\n<p>Es wird keine automatische Entscheidungsfindung, welche ausschlie\u00dflich auf einer automatisierten Verarbeitung beruht, einschlie\u00dflich Profiling, und eine rechtliche Wirkung entfaltet oder Sie in \u00e4hnlicher Weise beeintr\u00e4chtigt, durchgef\u00fchrt.<\/p>\n<p><b><i>4. Speicherdauer<\/i><\/b><\/p>\n<p>Webserver-Protokolle: 14 Tage<\/p>\n<p>Google Analytics: 14 Monate<\/p>\n<p><b><i>5. Ort der Datenverarbeitung<\/i><\/b><\/p>\n<p>Wir verarbeiten Ihre Daten ausschlie\u00dflich in Deutschland bzw. in der EU.<\/p>\n<p><b><i>6. Weitergabe Ihrer personenbezogenen Daten<\/i><\/b><\/p>\n<p>Eine Weitergabe von personenbezogenen Daten an Dritte findet grunds\u00e4tzlich nicht statt.<\/p>\n<p><b><i>7. Sicherheitsma\u00dfnahmen<\/i><\/b><\/p>\n<p>Soweit wir Daten im Rahmen der hier beschriebenen Leistungen an unsere Dienstleister weiterleiten m\u00fcssen bzw. Daten im Rahmen z.B. der Webseitenbetreuung durch Dienstleister bearbeitet werden, so sind diese zus\u00e4tzlich zu den zwingenden gesetzlichen Vorschriften an vertragliche Vorgaben mit uns zum Thema Datenschutz gebunden.<\/p>\n<p>Wir setzen Sicherheitsma\u00dfnahmen ein, die wir gem\u00e4\u00df der technischen und gesetzlichen Entwicklung kontinuierlich optimieren, um Ihre Daten gegen zuf\u00e4llige oder vors\u00e4tzliche Manipulation, Verlust, Zerst\u00f6rung oder den Zugriff durch unberechtigte Dritte bestm\u00f6glich zu sch\u00fctzen, wie zum beispielsweise dedizierte Firewall-Systeme, gemanagte Antivirensysteme namhafter Hersteller und premium SSL-Verschl\u00fcsselung, ebenfalls namhafter und glaubw\u00fcrdiger Zertifizierungsstellen.<\/p>\n<p><b><i>8. Links zu anderen Websites<\/i><\/b><\/p>\n<p>Unser Online-Angebot enth\u00e4lt Links zu anderen Websites. Diese Datenschutzerkl\u00e4rung erstreckt sich ausdr\u00fccklich nicht auf andere Anbieter.<\/p>\n<p>Wir haben keinen Einfluss darauf, dass deren Betreiber die Datenschutzbestimmungen einhalten und \u00fcbernehmen daher auch keine Verantwortung f\u00fcr Richtigkeit, Aktualit\u00e4t und Vollst\u00e4ndigkeit der dort bereitgestellten Informationen.<\/p>\n<p>Unsere Webseite kann Hyperlinks zu Webseiten enthalten, die Eigentum Dritter sind und von Dritten betrieben werden. Diese fremden Webseiten haben ihre eigenen Datenschutzrichtlinien, und sie verwenden vermutlich ebenfalls Cookies, und wir empfehlen Ihnen, diese zu \u00fcberpr\u00fcfen. Die Richtlinien dieser Webseiten regeln die Nutzung personenbezogener Daten, die Sie bei Ihren Besuchen der betreffenden Webseite \u00fcbermitteln und die auch durch Cookies erhoben werden k\u00f6nnen. Wir \u00fcbernehmen keinerlei Haftung f\u00fcr derartige fremde Websites, und Ihre Nutzung derartiger Webseite erfolgt auf Ihr eigenes Risiko.<\/p>\n<p><b><i>9. Kontaktaufnahme<\/i><\/b><\/p>\n<p>Falls Sie Fragen oder Anmerkungen zu dieser Datenschutz- und Cookie-Richtlinie haben kontaktieren Sie uns bitte (Kontaktdaten siehe <a href=\"http:\/\/foodsoul-catering.de\/impressum-datenschutzerklaerung\/\"><i>Impressum<\/i><\/a>).<\/p>\n<p>&nbsp;<\/p>\n<p>Die rasante Entwicklung des Internets macht von Zeit zu Zeit Anpassungen in unserer Datenschutzbestimmungen erforderlich. Sie werden an dieser Stelle \u00fcber die Neuerungen informiert.<\/p>\n","protected":false},"excerpt":{"rendered":"<p>1. Allgemeine Informationen \u00fcber die Erhebung personenbezogener Daten Der Schutz Ihrer Privatsph\u00e4re bei der Nutzung unserer Webseite ist uns sehr wichtig, dementsprechend verwenden wir Ihre personenbezogenen Daten in \u00fcbereinstimmung mit den gesetzlichen Vorschriften zum Datenschutz. Personenbezogene Daten sind alle Daten, die auf Sie pers\u00f6nlich beziehbar sind, z. B. Name, Adresse, E-Mail-Adresse, Nutzerverhalten. Nachfolgend informieren wir [&hellip;]<\/p>\n","protected":false},"author":1,"featured_media":0,"parent":0,"menu_order":0,"comment_status":"closed","ping_status":"closed","template":"","meta":{"footnotes":""},"class_list":["post-24","page","type-page","status-publish","hentry"],"jetpack_sharing_enabled":true,"_links":{"self":[{"href":"http:\/\/suedbahnhof-bv.de\/index.php?rest_route=\/wp\/v2\/pages\/24","targetHints":{"allow":["GET"]}}],"collection":[{"href":"http:\/\/suedbahnhof-bv.de\/index.php?rest_route=\/wp\/v2\/pages"}],"about":[{"href":"http:\/\/suedbahnhof-bv.de\/index.php?rest_route=\/wp\/v2\/types\/page"}],"author":[{"embeddable":true,"href":"http:\/\/suedbahnhof-bv.de\/index.php?rest_route=\/wp\/v2\/users\/1"}],"replies":[{"embeddable":true,"href":"http:\/\/suedbahnhof-bv.de\/index.php?rest_route=%2Fwp%2Fv2%2Fcomments&post=24"}],"version-history":[{"count":2,"href":"http:\/\/suedbahnhof-bv.de\/index.php?rest_route=\/wp\/v2\/pages\/24\/revisions"}],"predecessor-version":[{"id":34,"href":"http:\/\/suedbahnhof-bv.de\/index.php?rest_route=\/wp\/v2\/pages\/24\/revisions\/34"}],"wp:attachment":[{"href":"http:\/\/suedbahnhof-bv.de\/index.php?rest_route=%2Fwp%2Fv2%2Fmedia&parent=24"}],"curies":[{"name":"wp","href":"https:\/\/api.w.org\/{rel}","templated":true}]}}